{"id":75,"date":"2016-04-20T07:18:35","date_gmt":"2016-04-20T07:18:35","guid":{"rendered":"https:\/\/xml-io.proteusthemes.com\/bolts\/?page_id=75"},"modified":"2026-03-05T22:28:16","modified_gmt":"2026-03-05T22:28:16","slug":"electrical-installation","status":"publish","type":"page","link":"https:\/\/www.yekemuhendislik.com.tr\/index.php\/services\/electrical-installation\/","title":{"rendered":"BIM (Yap\u0131 Bilgi Modelleme)"},"content":{"rendered":"<div id=\"pl-75\"  class=\"panel-layout\" ><div id=\"pg-75-0\"  class=\"panel-grid panel-no-style\" ><div id=\"pgc-75-0-0\"  class=\"panel-grid-cell\" ><div id=\"panel-75-0-0-0\" class=\"so-panel widget widget_sow-editor panel-first-child panel-last-child\" data-index=\"0\" ><div\n\t\t\t\n\t\t\tclass=\"so-widget-sow-editor so-widget-sow-editor-base\"\n\t\t\t\n\t\t><h3 class=\"widget-title\"><span class=\"widget-title__inline\">BIM (Yap\u0131 Bilgi Modelleme)<\/span><\/h3>\n<div class=\"siteorigin-widget-tinymce textwidget\">\n\t<p data-path-to-node=\"14\">\u0130n\u015faat sekt\u00f6r\u00fcn\u00fcn gelece\u011fi dijitalle\u015fmede, dijitalle\u015fmenin kalbi ise <b data-path-to-node=\"14\" data-index-in-node=\"101\">BIM (Building Information Modeling)<\/b> s\u00fcre\u00e7lerindedir. <b data-path-to-node=\"14\" data-index-in-node=\"154\">Yeke M\u00fchendislik<\/b>, mekanik tesisat tasar\u0131mlar\u0131n\u0131 geleneksel 2D y\u00f6ntemlerin \u00f6tesine ta\u015f\u0131yarak ak\u0131ll\u0131 dijital ikizler olu\u015fturur. Revit ve Navisworks tabanl\u0131 i\u015f ak\u0131\u015flar\u0131m\u0131zla, projeleri <b data-path-to-node=\"14\" data-index-in-node=\"336\">LOD 300'den LOD 400 (Uygulama Detay\u0131)<\/b> seviyesine kadar modelliyoruz.<\/p>\n<p data-path-to-node=\"15\">BIM hizmetimizin en b\u00fcy\u00fck katma de\u011feri \"\u00c7ak\u0131\u015fma Analizi\" (Clash Detection) yetene\u011fidir. Mekanik borular\u0131n, havaland\u0131rma kanallar\u0131n\u0131n, elektrik tavalar\u0131n\u0131n ve statik kiri\u015flerin birbiriyle \u00e7ak\u0131\u015f\u0131p \u00e7ak\u0131\u015fmad\u0131\u011f\u0131n\u0131 sanal ortamda tespit ediyor, \u015fantiyede olu\u015fabilecek milyonlarca liral\u0131k revizyon maliyetinin \u00f6n\u00fcne ge\u00e7iyoruz. Ayr\u0131ca, model \u00fczerinden al\u0131nan metrajlar\u0131n %100 do\u011fruluk pay\u0131 sayesinde malzeme sipari\u015f s\u00fcre\u00e7lerinde israf\u0131 engelliyoruz. BIM, sadece bir \u00e7izim arac\u0131 de\u011fil, yap\u0131n\u0131n t\u00fcm ya\u015fam d\u00f6ng\u00fcs\u00fcn\u00fc y\u00f6neten bir bilgi bankas\u0131d\u0131r.<\/p>\n<\/div>\n<\/div><\/div><\/div><\/div><\/div>","protected":false},"excerpt":{"rendered":"<p>The nation\u2019s first electrical service company<\/p>\n","protected":false},"author":1,"featured_media":998,"parent":25,"menu_order":0,"comment_status":"closed","ping_status":"closed","template":"","meta":{"_acf_changed":false,"footnotes":""},"class_list":["post-75","page","type-page","status-publish","has-post-thumbnail","hentry"],"acf":[],"_links":{"self":[{"href":"https:\/\/www.yekemuhendislik.com.tr\/index.php\/wp-json\/wp\/v2\/pages\/75","targetHints":{"allow":["GET"]}}],"collection":[{"href":"https:\/\/www.yekemuhendislik.com.tr\/index.php\/wp-json\/wp\/v2\/pages"}],"about":[{"href":"https:\/\/www.yekemuhendislik.com.tr\/index.php\/wp-json\/wp\/v2\/types\/page"}],"author":[{"embeddable":true,"href":"https:\/\/www.yekemuhendislik.com.tr\/index.php\/wp-json\/wp\/v2\/users\/1"}],"replies":[{"embeddable":true,"href":"https:\/\/www.yekemuhendislik.com.tr\/index.php\/wp-json\/wp\/v2\/comments?post=75"}],"version-history":[{"count":3,"href":"https:\/\/www.yekemuhendislik.com.tr\/index.php\/wp-json\/wp\/v2\/pages\/75\/revisions"}],"predecessor-version":[{"id":997,"href":"https:\/\/www.yekemuhendislik.com.tr\/index.php\/wp-json\/wp\/v2\/pages\/75\/revisions\/997"}],"up":[{"embeddable":true,"href":"https:\/\/www.yekemuhendislik.com.tr\/index.php\/wp-json\/wp\/v2\/pages\/25"}],"wp:featuredmedia":[{"embeddable":true,"href":"https:\/\/www.yekemuhendislik.com.tr\/index.php\/wp-json\/wp\/v2\/media\/998"}],"wp:attachment":[{"href":"https:\/\/www.yekemuhendislik.com.tr\/index.php\/wp-json\/wp\/v2\/media?parent=75"}],"curies":[{"name":"wp","href":"https:\/\/api.w.org\/{rel}","templated":true}]}}