{"id":71,"date":"2016-04-20T07:16:35","date_gmt":"2016-04-20T07:16:35","guid":{"rendered":"https:\/\/xml-io.proteusthemes.com\/bolts\/?page_id=71"},"modified":"2026-03-05T22:21:19","modified_gmt":"2026-03-05T22:21:19","slug":"metal-buildings","status":"publish","type":"page","link":"https:\/\/www.yekemuhendislik.com.tr\/index.php\/services\/metal-buildings\/","title":{"rendered":"Mekanik Tesisat Proje Dan\u0131\u015fmanl\u0131k"},"content":{"rendered":"<div id=\"pl-71\"  class=\"panel-layout\" ><div id=\"pg-71-0\"  class=\"panel-grid panel-no-style\" ><div id=\"pgc-71-0-0\"  class=\"panel-grid-cell\" ><div id=\"panel-71-0-0-0\" class=\"so-panel widget widget_sow-editor panel-first-child panel-last-child\" data-index=\"0\" ><div\n\t\t\t\n\t\t\tclass=\"so-widget-sow-editor so-widget-sow-editor-base\"\n\t\t\t\n\t\t><h3 class=\"widget-title\"><span class=\"widget-title__inline\">Mekanik Tesisat Proje Dan\u0131\u015fmanl\u0131k<\/span><\/h3>\n<div class=\"siteorigin-widget-tinymce textwidget\">\n\t<p data-path-to-node=\"9\">Do\u011fru kurgulanmam\u0131\u015f bir mekanik sistem, binan\u0131n \u00f6mr\u00fc boyunca y\u00fcksek i\u015fletme maliyeti ve konfor kayb\u0131 demektir. <b data-path-to-node=\"9\" data-index-in-node=\"143\">Mekanik Tesisat Proje Dan\u0131\u015fmanl\u0131k<\/b> hizmetimizle, yat\u0131r\u0131mc\u0131 ve mimari ekiplere teknik bir rehberlik sunuyoruz. Tasar\u0131m a\u015famas\u0131nda se\u00e7ilen cihazlar\u0131n kapasite uygunlu\u011fundan, sistemlerin s\u00fcrd\u00fcr\u00fclebilirli\u011fine kadar her ayr\u0131nt\u0131y\u0131 b\u00fcy\u00fcte\u00e7 alt\u0131na al\u0131yoruz.<\/p>\n<p data-path-to-node=\"10\">Dan\u0131\u015fmanl\u0131k kapsam\u0131nda; ASHRAE, TSE ve EN gibi uluslararas\u0131 ve yerel standartlara tam uyumu denetliyoruz. Mevcut projelerin revizyon ihtiya\u00e7lar\u0131n\u0131 belirliyor, enerji verimlili\u011fi y\u00fcksek alternatif sistemler geli\u015ftiriyoruz. <b data-path-to-node=\"10\" data-index-in-node=\"222\">Yeke M\u00fchendislik<\/b> dan\u0131\u015fmanl\u0131\u011f\u0131, projenizin sadece bug\u00fcnk\u00fc ihtiya\u00e7lar\u0131n\u0131 de\u011fil, 20-30 y\u0131l sonraki teknolojik gereksinimlerini de \u00f6ng\u00f6r\u00fcr. Ba\u011f\u0131ms\u0131z denetim ve teknik m\u00fc\u015favirlik kaslar\u0131m\u0131zla, yat\u0131r\u0131m\u0131n\u0131z\u0131n her kuru\u015funun en verimli mekanik \u00e7\u00f6z\u00fcme d\u00f6n\u00fc\u015fmesini sa\u011fl\u0131yoruz.<\/p>\n<\/div>\n<\/div><\/div><\/div><\/div><\/div>","protected":false},"excerpt":{"rendered":"<p>Adding permanant or temporary comfort<\/p>\n","protected":false},"author":1,"featured_media":992,"parent":25,"menu_order":0,"comment_status":"closed","ping_status":"closed","template":"","meta":{"_acf_changed":false,"footnotes":""},"class_list":["post-71","page","type-page","status-publish","has-post-thumbnail","hentry"],"acf":[],"_links":{"self":[{"href":"https:\/\/www.yekemuhendislik.com.tr\/index.php\/wp-json\/wp\/v2\/pages\/71","targetHints":{"allow":["GET"]}}],"collection":[{"href":"https:\/\/www.yekemuhendislik.com.tr\/index.php\/wp-json\/wp\/v2\/pages"}],"about":[{"href":"https:\/\/www.yekemuhendislik.com.tr\/index.php\/wp-json\/wp\/v2\/types\/page"}],"author":[{"embeddable":true,"href":"https:\/\/www.yekemuhendislik.com.tr\/index.php\/wp-json\/wp\/v2\/users\/1"}],"replies":[{"embeddable":true,"href":"https:\/\/www.yekemuhendislik.com.tr\/index.php\/wp-json\/wp\/v2\/comments?post=71"}],"version-history":[{"count":3,"href":"https:\/\/www.yekemuhendislik.com.tr\/index.php\/wp-json\/wp\/v2\/pages\/71\/revisions"}],"predecessor-version":[{"id":993,"href":"https:\/\/www.yekemuhendislik.com.tr\/index.php\/wp-json\/wp\/v2\/pages\/71\/revisions\/993"}],"up":[{"embeddable":true,"href":"https:\/\/www.yekemuhendislik.com.tr\/index.php\/wp-json\/wp\/v2\/pages\/25"}],"wp:featuredmedia":[{"embeddable":true,"href":"https:\/\/www.yekemuhendislik.com.tr\/index.php\/wp-json\/wp\/v2\/media\/992"}],"wp:attachment":[{"href":"https:\/\/www.yekemuhendislik.com.tr\/index.php\/wp-json\/wp\/v2\/media?parent=71"}],"curies":[{"name":"wp","href":"https:\/\/api.w.org\/{rel}","templated":true}]}}