{"id":68,"date":"2016-04-20T07:13:30","date_gmt":"2016-04-20T07:13:30","guid":{"rendered":"https:\/\/xml-io.proteusthemes.com\/bolts\/?page_id=68"},"modified":"2026-03-05T23:12:20","modified_gmt":"2026-03-05T23:12:20","slug":"exterior-remodeling","status":"publish","type":"page","link":"https:\/\/www.yekemuhendislik.com.tr\/index.php\/services\/exterior-remodeling\/","title":{"rendered":"Genel ve Teknik \u015eartnamelerin Haz\u0131rlanmas\u0131"},"content":{"rendered":"<div id=\"pl-68\"  class=\"panel-layout\" ><div id=\"pg-68-0\"  class=\"panel-grid panel-no-style\" ><div id=\"pgc-68-0-0\"  class=\"panel-grid-cell\" ><div id=\"panel-68-0-0-0\" class=\"so-panel widget widget_sow-editor panel-first-child panel-last-child\" data-index=\"0\" ><div\n\t\t\t\n\t\t\tclass=\"so-widget-sow-editor so-widget-sow-editor-base\"\n\t\t\t\n\t\t><h3 class=\"widget-title\"><span class=\"widget-title__inline\">Genel ve Teknik \u015eartnamelerin Haz\u0131rlanmas\u0131<\/span><\/h3>\n<div class=\"siteorigin-widget-tinymce textwidget\">\n\t<p data-path-to-node=\"29\">Bir mekanik projenin sahadaki kaderini teknik \u015fartnameler belirler. <b data-path-to-node=\"29\" data-index-in-node=\"100\">Genel ve Teknik \u015eartnamelerin Haz\u0131rlanmas\u0131<\/b> hizmetimizle, projenin anayasas\u0131n\u0131 yaz\u0131yoruz. \u015eartnamelerimiz; malzeme standartlar\u0131ndan montaj kurallar\u0131na, test prosed\u00fcrlerinden devreye alma (commissioning) a\u015famalar\u0131na kadar her detay\u0131 kapsar. Eksik b\u0131rak\u0131lan her madde, sahada bir tart\u0131\u015fma ve kalite kayb\u0131 potansiyelidir.<\/p>\n<p data-path-to-node=\"30\">Haz\u0131rlad\u0131\u011f\u0131m\u0131z dok\u00fcmanlar; idari \u015fartnamelerle uyumlu, hukuki ge\u00e7erlili\u011fi olan ve teknik teredd\u00fcde yer b\u0131rakmayan netliktedir. Marka listelerini (vendor list) tarafs\u0131z m\u00fchendislik kriterlerine g\u00f6re olu\u015fturuyor, y\u00fcklenicinin uymas\u0131 gereken performans kriterlerini net bir \u015fekilde tan\u0131ml\u0131yoruz. <b data-path-to-node=\"30\" data-index-in-node=\"293\">Yeke M\u00fchendislik<\/b> taraf\u0131ndan haz\u0131rlanan bir \u015fartname, i\u015fverenin hakk\u0131n\u0131 koruyan ve uygulama kalitesini standartla\u015ft\u0131ran en g\u00fc\u00e7l\u00fc belgedir.<\/p>\n<\/div>\n<\/div><\/div><\/div><\/div><\/div>","protected":false},"excerpt":{"rendered":"<p>Flexibility for projects with short lead times<\/p>\n","protected":false},"author":1,"featured_media":1007,"parent":25,"menu_order":0,"comment_status":"closed","ping_status":"closed","template":"","meta":{"_acf_changed":false,"footnotes":""},"class_list":["post-68","page","type-page","status-publish","has-post-thumbnail","hentry"],"acf":[],"_links":{"self":[{"href":"https:\/\/www.yekemuhendislik.com.tr\/index.php\/wp-json\/wp\/v2\/pages\/68","targetHints":{"allow":["GET"]}}],"collection":[{"href":"https:\/\/www.yekemuhendislik.com.tr\/index.php\/wp-json\/wp\/v2\/pages"}],"about":[{"href":"https:\/\/www.yekemuhendislik.com.tr\/index.php\/wp-json\/wp\/v2\/types\/page"}],"author":[{"embeddable":true,"href":"https:\/\/www.yekemuhendislik.com.tr\/index.php\/wp-json\/wp\/v2\/users\/1"}],"replies":[{"embeddable":true,"href":"https:\/\/www.yekemuhendislik.com.tr\/index.php\/wp-json\/wp\/v2\/comments?post=68"}],"version-history":[{"count":3,"href":"https:\/\/www.yekemuhendislik.com.tr\/index.php\/wp-json\/wp\/v2\/pages\/68\/revisions"}],"predecessor-version":[{"id":1008,"href":"https:\/\/www.yekemuhendislik.com.tr\/index.php\/wp-json\/wp\/v2\/pages\/68\/revisions\/1008"}],"up":[{"embeddable":true,"href":"https:\/\/www.yekemuhendislik.com.tr\/index.php\/wp-json\/wp\/v2\/pages\/25"}],"wp:featuredmedia":[{"embeddable":true,"href":"https:\/\/www.yekemuhendislik.com.tr\/index.php\/wp-json\/wp\/v2\/media\/1007"}],"wp:attachment":[{"href":"https:\/\/www.yekemuhendislik.com.tr\/index.php\/wp-json\/wp\/v2\/media?parent=68"}],"curies":[{"name":"wp","href":"https:\/\/api.w.org\/{rel}","templated":true}]}}