{"id":65,"date":"2016-04-20T07:09:19","date_gmt":"2016-04-20T07:09:19","guid":{"rendered":"https:\/\/xml-io.proteusthemes.com\/bolts\/?page_id=65"},"modified":"2026-03-05T23:07:13","modified_gmt":"2026-03-05T23:07:13","slug":"engineering-and-planing","status":"publish","type":"page","link":"https:\/\/www.yekemuhendislik.com.tr\/index.php\/services\/engineering-and-planing\/","title":{"rendered":"S\u00fcrd\u00fcr\u00fclebilirlik ve Ye\u015fil Bina \u00c7\u00f6z\u00fcmleri"},"content":{"rendered":"<div id=\"pl-65\"  class=\"panel-layout\" ><div id=\"pg-65-0\"  class=\"panel-grid panel-no-style\" ><div id=\"pgc-65-0-0\"  class=\"panel-grid-cell\" ><div id=\"panel-65-0-0-0\" class=\"so-panel widget widget_sow-editor panel-first-child panel-last-child\" data-index=\"0\" ><div\n\t\t\t\n\t\t\tclass=\"so-widget-sow-editor so-widget-sow-editor-base\"\n\t\t\t\n\t\t><h3 class=\"widget-title\"><span class=\"widget-title__inline\">S\u00fcrd\u00fcr\u00fclebilirlik ve Ye\u015fil Bina \u00c7\u00f6z\u00fcmleri<\/span><\/h3>\n<div class=\"siteorigin-widget-tinymce textwidget\">\n\t<p data-path-to-node=\"24\">\u0130klim kriziyle m\u00fccadelede binalar\u0131n enerji t\u00fcketimi kritik bir rol oynuyor. <b data-path-to-node=\"24\" data-index-in-node=\"108\">S\u00fcrd\u00fcr\u00fclebilirlik ve Ye\u015fil Bina \u00c7\u00f6z\u00fcmleri<\/b> sayfam\u0131zda, do\u011fa dostu m\u00fchendislik yakla\u015f\u0131m\u0131m\u0131z\u0131 sergiliyoruz. Mekanik tasar\u0131mlar\u0131m\u0131zda sadece performansa de\u011fil, ayn\u0131 zamanda sistemin \u00e7evresel etkisine de odaklan\u0131yoruz. Is\u0131 geri kazan\u0131ml\u0131 havaland\u0131rma sistemleri, gri su geri kazan\u0131m tesisatlar\u0131, g\u00fcne\u015f kolekt\u00f6r\u00fc entegrasyonu ve ak\u0131ll\u0131 bina otomasyonu gibi teknolojileri projelerimize dahil ediyoruz.<\/p>\n<p data-path-to-node=\"25\">LEED, BREEAM veya WELL gibi uluslararas\u0131 ye\u015fil bina sertifikas\u0131 hedefleyen projelerde, gerekli olan t\u00fcm mekanik kriterleri kar\u015f\u0131l\u0131yor ve puanlama s\u00fcre\u00e7lerini y\u00f6netiyoruz. Enerji modellemesi yaparak binan\u0131n ya\u015fam d\u00f6ng\u00fcs\u00fc maliyetini d\u00fc\u015f\u00fcr\u00fcyor, \"S\u0131f\u0131r Karbon\" hedeflerine bir ad\u0131m daha yakla\u015fman\u0131z\u0131 sa\u011fl\u0131yoruz. Ye\u015fil m\u00fchendislik, bizim i\u00e7in bir trend de\u011fil, gelecek nesillere kar\u015f\u0131 bir sorumluluktur.<\/p>\n<\/div>\n<\/div><\/div><\/div><\/div><\/div>","protected":false},"excerpt":{"rendered":"<p>Building with best management processes<\/p>\n","protected":false},"author":1,"featured_media":1004,"parent":25,"menu_order":0,"comment_status":"closed","ping_status":"closed","template":"","meta":{"_acf_changed":false,"footnotes":""},"class_list":["post-65","page","type-page","status-publish","has-post-thumbnail","hentry"],"acf":[],"_links":{"self":[{"href":"https:\/\/www.yekemuhendislik.com.tr\/index.php\/wp-json\/wp\/v2\/pages\/65","targetHints":{"allow":["GET"]}}],"collection":[{"href":"https:\/\/www.yekemuhendislik.com.tr\/index.php\/wp-json\/wp\/v2\/pages"}],"about":[{"href":"https:\/\/www.yekemuhendislik.com.tr\/index.php\/wp-json\/wp\/v2\/types\/page"}],"author":[{"embeddable":true,"href":"https:\/\/www.yekemuhendislik.com.tr\/index.php\/wp-json\/wp\/v2\/users\/1"}],"replies":[{"embeddable":true,"href":"https:\/\/www.yekemuhendislik.com.tr\/index.php\/wp-json\/wp\/v2\/comments?post=65"}],"version-history":[{"count":4,"href":"https:\/\/www.yekemuhendislik.com.tr\/index.php\/wp-json\/wp\/v2\/pages\/65\/revisions"}],"predecessor-version":[{"id":1005,"href":"https:\/\/www.yekemuhendislik.com.tr\/index.php\/wp-json\/wp\/v2\/pages\/65\/revisions\/1005"}],"up":[{"embeddable":true,"href":"https:\/\/www.yekemuhendislik.com.tr\/index.php\/wp-json\/wp\/v2\/pages\/25"}],"wp:featuredmedia":[{"embeddable":true,"href":"https:\/\/www.yekemuhendislik.com.tr\/index.php\/wp-json\/wp\/v2\/media\/1004"}],"wp:attachment":[{"href":"https:\/\/www.yekemuhendislik.com.tr\/index.php\/wp-json\/wp\/v2\/media?parent=65"}],"curies":[{"name":"wp","href":"https:\/\/api.w.org\/{rel}","templated":true}]}}