{"id":61,"date":"2016-04-20T07:03:49","date_gmt":"2016-04-20T07:03:49","guid":{"rendered":"https:\/\/xml-io.proteusthemes.com\/bolts\/?page_id=61"},"modified":"2026-03-05T22:51:05","modified_gmt":"2026-03-05T22:51:05","slug":"design-build","status":"publish","type":"page","link":"https:\/\/www.yekemuhendislik.com.tr\/index.php\/services\/design-build\/","title":{"rendered":"Malzeme, Metraj, Ke\u015fif ve Maliyet \u00c7al\u0131\u015fmalar\u0131"},"content":{"rendered":"<div id=\"pl-61\"  class=\"panel-layout\" ><div id=\"pg-61-0\"  class=\"panel-grid panel-no-style\" ><div id=\"pgc-61-0-0\"  class=\"panel-grid-cell\" ><div id=\"panel-61-0-0-0\" class=\"so-panel widget widget_sow-editor panel-first-child panel-last-child\" data-index=\"0\" ><div\n\t\t\t\n\t\t\tclass=\"so-widget-sow-editor so-widget-sow-editor-base\"\n\t\t\t\n\t\t><h3 class=\"widget-title\"><span class=\"widget-title__inline\">Malzeme, Metraj, Ke\u015fif ve Maliyet \u00c7al\u0131\u015fmalar\u0131<\/span><\/h3>\n<div class=\"siteorigin-widget-tinymce textwidget\">\n\t<p data-path-to-node=\"19\">Bir m\u00fchendislik projesinin ba\u015far\u0131s\u0131, teknik m\u00fckemmellik kadar finansal s\u00fcrd\u00fcr\u00fclebilirlik ile \u00f6l\u00e7\u00fcl\u00fcr. <b data-path-to-node=\"19\" data-index-in-node=\"134\">Yeke M\u00fchendislik<\/b> olarak, mekanik tesisat\u0131n en k\u00fc\u00e7\u00fck vidas\u0131ndan en b\u00fcy\u00fck so\u011futma grubuna kadar t\u00fcm kalemleri kapsayan detayl\u0131 <b data-path-to-node=\"19\" data-index-in-node=\"259\">Metraj ve Ke\u015fif \u00c7al\u0131\u015fmalar\u0131<\/b> ger\u00e7ekle\u015ftiriyoruz. Piyasa ko\u015fullar\u0131n\u0131 ve g\u00fcncel malzeme maliyetlerini yak\u0131ndan takip ederek, yat\u0131r\u0131mc\u0131ya en ger\u00e7ek\u00e7i \"Tahmini Yap\u0131m Maliyeti\" raporlar\u0131n\u0131 sunuyoruz.<\/p>\n<p data-path-to-node=\"20\">\u0130hale dosyas\u0131 haz\u0131rl\u0131\u011f\u0131 a\u015famas\u0131nda, birim fiyat analizleri ve kar\u015f\u0131la\u015ft\u0131rmal\u0131 malzeme tablolar\u0131 ile stratejik bir avantaj sa\u011fl\u0131yoruz. Yanl\u0131\u015f veya eksik hesaplanan metrajlar, uygulama a\u015famas\u0131nda b\u00fct\u00e7e a\u015f\u0131mlar\u0131na ve hukuki uyu\u015fmazl\u0131klara yol a\u00e7ar. Biz, teknik \u015fartnamelerle desteklenmi\u015f hassas hesaplamalar\u0131m\u0131zla bu riskleri tamamen ortadan kald\u0131r\u0131yoruz. Finansal \u00f6ng\u00f6r\u00fclebilirlik i\u00e7in m\u00fchendislik disiplinini ekonomiyle birle\u015ftiriyoruz.<\/p>\n<hr \/>\n<\/div>\n<\/div><\/div><\/div><\/div><\/div>","protected":false},"excerpt":{"rendered":"<p>Design that matters and last<\/p>\n","protected":false},"author":1,"featured_media":1000,"parent":25,"menu_order":0,"comment_status":"closed","ping_status":"closed","template":"","meta":{"_acf_changed":false,"footnotes":""},"class_list":["post-61","page","type-page","status-publish","has-post-thumbnail","hentry"],"acf":[],"_links":{"self":[{"href":"https:\/\/www.yekemuhendislik.com.tr\/index.php\/wp-json\/wp\/v2\/pages\/61","targetHints":{"allow":["GET"]}}],"collection":[{"href":"https:\/\/www.yekemuhendislik.com.tr\/index.php\/wp-json\/wp\/v2\/pages"}],"about":[{"href":"https:\/\/www.yekemuhendislik.com.tr\/index.php\/wp-json\/wp\/v2\/types\/page"}],"author":[{"embeddable":true,"href":"https:\/\/www.yekemuhendislik.com.tr\/index.php\/wp-json\/wp\/v2\/users\/1"}],"replies":[{"embeddable":true,"href":"https:\/\/www.yekemuhendislik.com.tr\/index.php\/wp-json\/wp\/v2\/comments?post=61"}],"version-history":[{"count":3,"href":"https:\/\/www.yekemuhendislik.com.tr\/index.php\/wp-json\/wp\/v2\/pages\/61\/revisions"}],"predecessor-version":[{"id":1001,"href":"https:\/\/www.yekemuhendislik.com.tr\/index.php\/wp-json\/wp\/v2\/pages\/61\/revisions\/1001"}],"up":[{"embeddable":true,"href":"https:\/\/www.yekemuhendislik.com.tr\/index.php\/wp-json\/wp\/v2\/pages\/25"}],"wp:featuredmedia":[{"embeddable":true,"href":"https:\/\/www.yekemuhendislik.com.tr\/index.php\/wp-json\/wp\/v2\/media\/1000"}],"wp:attachment":[{"href":"https:\/\/www.yekemuhendislik.com.tr\/index.php\/wp-json\/wp\/v2\/media?parent=61"}],"curies":[{"name":"wp","href":"https:\/\/api.w.org\/{rel}","templated":true}]}}