{"id":6,"date":"2016-04-11T12:24:42","date_gmt":"2016-04-11T12:24:42","guid":{"rendered":"https:\/\/xml-io.proteusthemes.com\/bolts\/?page_id=6"},"modified":"2026-03-06T09:40:30","modified_gmt":"2026-03-06T09:40:30","slug":"home","status":"publish","type":"page","link":"https:\/\/www.yekemuhendislik.com.tr\/","title":{"rendered":"Anasayfa"},"content":{"rendered":"<div id=\"pl-6\"  class=\"panel-layout\" ><div id=\"pg-6-0\"  class=\"panel-grid panel-has-style\" ><div class=\"siteorigin-panels-stretch panel-row-style panel-row-style-for-6-0\" data-stretch-type=\"full-width-stretch\" ><div id=\"pgc-6-0-0\"  class=\"panel-grid-cell\" ><div id=\"panel-6-0-0-0\" class=\"so-panel widget widget_pw_hero_columns widget-hero-columns panel-first-child panel-last-child\" data-index=\"0\" >\t\t\t\t<div class=\"hero-columns\" id=\"hero-columns-widget-0-0-0\">\n\t\t\t\t\t\t\t\t\t\t\t<div class=\"hero-columns__item\" style=\"background-image: url('https:\/\/xml-io.proteusthemes.com\/bolts\/wp-content\/uploads\/sites\/33\/2016\/04\/3.jpg')\">\n\t\t\t\t\t\t\t<div class=\"hero-columns__content\">\n\t\t\t\t\t\t\t\t\t<h3 class=\"hero-columns__title\">Kusursuz Mekanik Tesisat \u00c7\u00f6z\u00fcmleri<\/h3>\n\t\t\t\t\t\t\t\t\t<div class=\"hero-columns__text\" style=\"color: rgba(255, 255, 255, .75);\">\n\t\t\t\t\t\t\t\t\t\tTasar\u0131mdan uygulamaya, karma\u015f\u0131k mekanik sistemlerin b\u00fct\u00e7e, zaman ve kalite standartlar\u0131 \u00e7er\u00e7evesinde u\u00e7tan uca y\u00f6netilmesini sa\u011fl\u0131yoruz.\t\t\t\t\t\t\t\t\t<\/div>\n\t\t\t\t\t\t\t<\/div>\n\t\t\t\t\t\t\t<a class=\"hero-columns__cta\" href=\"https:\/\/www.yekemuhendislik.com.tr\/index.php\/services\/\" target=\"_self\">\n\t\t\t\t\t\t\t\tAyr\u0131nt\u0131l\u0131 Bilgi\t\t\t\t\t\t\t<\/a>\n\t\t\t\t\t\t\t<div class=\"hero-columns__overlay\" style=\"background-color: rgba(0, 0, 0, 0)\"><\/div>\n\t\t\t\t\t\t<\/div>\n\t\t\t\t\t\t\t\t\t\t\t<div class=\"hero-columns__item\" style=\"background-image: url('https:\/\/xml-io.proteusthemes.com\/bolts\/wp-content\/uploads\/sites\/33\/2016\/04\/2.jpg')\">\n\t\t\t\t\t\t\t<div class=\"hero-columns__content\">\n\t\t\t\t\t\t\t\t\t<h3 class=\"hero-columns__title\">Yeke M\u00fchendislik<\/h3>\n\t\t\t\t\t\t\t\t\t<div class=\"hero-columns__text\" style=\"color: rgba(255, 255, 255, .75);\">\n\t\t\t\t\t\t\t\t\t\tolarak projelerinize teknoloji, verimlilik ve s\u00fcrd\u00fcr\u00fclebilirlik kat\u0131yoruz.\t\t\t\t\t\t\t\t\t<\/div>\n\t\t\t\t\t\t\t<\/div>\n\t\t\t\t\t\t\t<a class=\"hero-columns__cta\" href=\"https:\/\/www.yekemuhendislik.com.tr\/index.php\/services\/\" target=\"_self\">\n\t\t\t\t\t\t\t\tDaha Fazla\t\t\t\t\t\t\t<\/a>\n\t\t\t\t\t\t\t<div class=\"hero-columns__overlay\" style=\"background-color: rgba(0, 0, 0, 0)\"><\/div>\n\t\t\t\t\t\t<\/div>\n\t\t\t\t\t\t\t\t\t\t\t<div class=\"hero-columns__item\" style=\"background-image: url('https:\/\/xml-io.proteusthemes.com\/bolts\/wp-content\/uploads\/sites\/33\/2016\/04\/1.jpg')\">\n\t\t\t\t\t\t\t<div class=\"hero-columns__content\">\n\t\t\t\t\t\t\t\t\t<h3 class=\"hero-columns__title\">BIM (Yap\u0131 Bilgi Modelleme)<\/h3>\n\t\t\t\t\t\t\t\t\t<div class=\"hero-columns__text\" style=\"color: rgba(255, 255, 255, .75);\">\n\t\t\t\t\t\t\t\t\t\tProjelerinizi dijital ortamda 3D olarak in\u015fa ederek, \u015fantiyedeki \u00e7ak\u0131\u015fmalar\u0131 ve hatalar\u0131 hen\u00fcz tasar\u0131m a\u015famas\u0131nda \u00e7\u00f6z\u00fcyoruz.\t\t\t\t\t\t\t\t\t<\/div>\n\t\t\t\t\t\t\t<\/div>\n\t\t\t\t\t\t\t<a class=\"hero-columns__cta\" href=\"https:\/\/www.yekemuhendislik.com.tr\/index.php\/services\/\" target=\"_self\">\n\t\t\t\t\t\t\t\tDaha Fazla\t\t\t\t\t\t\t<\/a>\n\t\t\t\t\t\t\t<div class=\"hero-columns__overlay\" style=\"background-color: rgba(0, 0, 0, 0)\"><\/div>\n\t\t\t\t\t\t<\/div>\n\t\t\t\t\t\t\t\t\t<\/div>\n\t\t\t<\/div><\/div><\/div><\/div><div id=\"pg-6-1\"  class=\"panel-grid panel-no-style\" ><div id=\"pgc-6-1-0\"  class=\"panel-grid-cell\" ><div id=\"panel-6-1-0-0\" class=\"so-panel widget widget_sow-editor panel-first-child panel-last-child\" data-index=\"1\" ><div\n\t\t\t\n\t\t\tclass=\"so-widget-sow-editor so-widget-sow-editor-base\"\n\t\t\t\n\t\t>\n<div class=\"siteorigin-widget-tinymce textwidget\">\n\t<p><b data-path-to-node=\"0\" data-index-in-node=\"0\">Yeke M\u00fchendislik<\/b>, mekanik tesisat tasar\u0131m\u0131 ve proje y\u00f6netimi alan\u0131nda BIM teknolojilerini ve s\u00fcrd\u00fcr\u00fclebilirlik ilkelerini merkeze alan, yenilik\u00e7i bir teknik \u00e7\u00f6z\u00fcm orta\u011f\u0131d\u0131r. Karma\u015f\u0131k m\u00fchendislik problemlerine uluslararas\u0131 standartlarda, verimli ve maliyet odakl\u0131 yakla\u015f\u0131mlar sunarak yap\u0131lar\u0131n gelece\u011fini dijital hassasiyetle in\u015fa ediyoruz.<\/p>\n<\/div>\n<\/div><\/div><\/div><div id=\"pgc-6-1-1\"  class=\"panel-grid-cell\" ><div id=\"panel-6-1-1-0\" class=\"so-panel widget widget_sow-editor panel-first-child panel-last-child\" data-index=\"2\" ><div class=\"featured-widget panel-widget-style panel-widget-style-for-6-1-1-0\" ><div\n\t\t\t\n\t\t\tclass=\"so-widget-sow-editor so-widget-sow-editor-base\"\n\t\t\t\n\t\t>\n<div class=\"siteorigin-widget-tinymce textwidget\">\n\t<p style=\"text-align: center;\"><span class=\"icon-container\"><span class=\"fa fa-wrench  fa-3x\"><\/span><\/span><\/p>\n<p style=\"text-align: center;\"><a style=\"color: #333333;\" href=\"https:\/\/xml-io.proteusthemes.com\/bolts\/services\/general-construction\/\"><strong>Mekanik Tesisat<\/strong><\/a><\/p>\n<\/div>\n<\/div><\/div><\/div><\/div><div id=\"pgc-6-1-2\"  class=\"panel-grid-cell\" ><div id=\"panel-6-1-2-0\" class=\"so-panel widget widget_sow-editor panel-first-child panel-last-child\" data-index=\"3\" ><div class=\"featured-widget panel-widget-style panel-widget-style-for-6-1-2-0\" ><div\n\t\t\t\n\t\t\tclass=\"so-widget-sow-editor so-widget-sow-editor-base\"\n\t\t\t\n\t\t>\n<div class=\"siteorigin-widget-tinymce textwidget\">\n\t<p style=\"text-align: center;\"><span class=\"icon-container\"><span class=\"fa fa-building  fa-3x\"><\/span><\/span><\/p>\n<p style=\"text-align: center;\"><a style=\"color: #333333;\" href=\"https:\/\/xml-io.proteusthemes.com\/bolts\/services\/exterior-remodeling\/\"><strong>S\u00fcrd\u00fcr\u00fclebilirlik<\/strong><\/a><\/p>\n<\/div>\n<\/div><\/div><\/div><\/div><div id=\"pgc-6-1-3\"  class=\"panel-grid-cell\" ><div id=\"panel-6-1-3-0\" class=\"so-panel widget widget_sow-editor panel-first-child panel-last-child\" data-index=\"4\" ><div class=\"featured-widget panel-widget-style panel-widget-style-for-6-1-3-0\" ><div\n\t\t\t\n\t\t\tclass=\"so-widget-sow-editor so-widget-sow-editor-base\"\n\t\t\t\n\t\t>\n<div class=\"siteorigin-widget-tinymce textwidget\">\n\t<p style=\"text-align: center;\"><span class=\"icon-container\"><span class=\"fa fa-globe  fa-3x\"><\/span><\/span><\/p>\n<p style=\"text-align: center;\"><a style=\"color: #333333;\" href=\"https:\/\/xml-io.proteusthemes.com\/bolts\/services\/design-build\/\"><strong>Ye\u015fil \u00c7\u00f6z\u00fcmler<\/strong><\/a><\/p>\n<\/div>\n<\/div><\/div><\/div><\/div><\/div><div id=\"pg-6-2\"  class=\"panel-grid panel-no-style\" ><div id=\"pgc-6-2-0\"  class=\"panel-grid-cell\" ><div id=\"panel-6-2-0-0\" class=\"so-panel widget widget_sow-editor panel-first-child panel-last-child\" data-index=\"5\" ><div\n\t\t\t\n\t\t\tclass=\"so-widget-sow-editor so-widget-sow-editor-base\"\n\t\t\t\n\t\t>\n<div class=\"siteorigin-widget-tinymce textwidget\">\n\t<hr \/>\n\n&nbsp;<\/div>\n<\/div><\/div><\/div><\/div><div id=\"pg-6-3\"  class=\"panel-grid panel-no-style\" ><div id=\"pgc-6-3-0\"  class=\"panel-grid-cell\" ><div id=\"panel-6-3-0-0\" class=\"so-panel widget widget_pw_featured_page widget-featured-page panel-first-child panel-last-child\" data-index=\"6\" >\n\t<div class=\"page-box  page-box--block\">\n\t\t\t\t\t<a class=\"page-box__picture\" href=\"https:\/\/www.yekemuhendislik.com.tr\/index.php\/services\/general-construction\/\">\n\t\t\t\t<img loading=\"lazy\" decoding=\"async\" src=\"https:\/\/www.yekemuhendislik.com.tr\/wp-content\/uploads\/2026\/03\/image-24-360x180.jpg\" width=\"360\" height=\"180\" srcset=\"https:\/\/www.yekemuhendislik.com.tr\/wp-content\/uploads\/2026\/03\/image-24-360x180.jpg 360w, https:\/\/www.yekemuhendislik.com.tr\/wp-content\/uploads\/2026\/03\/image-24.jpg 784w\" sizes=\"auto, (min-width: 1200px) 349px, (min-width: 992px) 283px, (min-width: 768px) 690px, calc(100vw - 30px)\" class=\"wp-post-image\" alt=\"Mekanik Tesisat Proje Y\u00f6netimi\">\n\t\t\t\t\t\t\t<\/a>\n\t\t\t\t<div class=\"page-box__content\">\n\t\t\t<h4 class=\"page-box__title\"><a href=\"https:\/\/www.yekemuhendislik.com.tr\/index.php\/services\/general-construction\/\">Mekanik Tesisat Proje Y\u00f6netimi<\/a><\/h4>\n\t\t\t<p class=\"page-box__text\">Structures that last are built with Bolts<\/p>\n\t\t\t\t\t<\/div>\n\t<\/div>\n\n<\/div><\/div><div id=\"pgc-6-3-1\"  class=\"panel-grid-cell\" ><div id=\"panel-6-3-1-0\" class=\"so-panel widget widget_pw_featured_page widget-featured-page panel-first-child panel-last-child\" data-index=\"7\" >\n\t<div class=\"page-box  page-box--block\">\n\t\t\t\t\t<a class=\"page-box__picture\" href=\"https:\/\/www.yekemuhendislik.com.tr\/index.php\/services\/metal-buildings\/\">\n\t\t\t\t<img loading=\"lazy\" decoding=\"async\" src=\"https:\/\/www.yekemuhendislik.com.tr\/wp-content\/uploads\/2026\/03\/image-26-360x180.jpg\" width=\"360\" height=\"180\" srcset=\"https:\/\/www.yekemuhendislik.com.tr\/wp-content\/uploads\/2026\/03\/image-26-360x180.jpg 360w, https:\/\/www.yekemuhendislik.com.tr\/wp-content\/uploads\/2026\/03\/image-26.jpg 784w\" sizes=\"auto, (min-width: 1200px) 349px, (min-width: 992px) 283px, (min-width: 768px) 690px, calc(100vw - 30px)\" class=\"wp-post-image\" alt=\"Mekanik Tesisat Proje Dan\u0131\u015fmanl\u0131k\">\n\t\t\t\t\t\t\t<\/a>\n\t\t\t\t<div class=\"page-box__content\">\n\t\t\t<h4 class=\"page-box__title\"><a href=\"https:\/\/www.yekemuhendislik.com.tr\/index.php\/services\/metal-buildings\/\">Mekanik Tesisat Proje Dan\u0131\u015fmanl\u0131k<\/a><\/h4>\n\t\t\t<p class=\"page-box__text\">Adding permanant or temporary comfort<\/p>\n\t\t\t\t\t<\/div>\n\t<\/div>\n\n<\/div><\/div><div id=\"pgc-6-3-2\"  class=\"panel-grid-cell\" ><div id=\"panel-6-3-2-0\" class=\"so-panel widget widget_pw_featured_page widget-featured-page panel-first-child panel-last-child\" data-index=\"8\" >\n\t<div class=\"page-box  page-box--block\">\n\t\t\t\t\t<a class=\"page-box__picture\" href=\"https:\/\/www.yekemuhendislik.com.tr\/index.php\/services\/electrical-installation\/\">\n\t\t\t\t<img loading=\"lazy\" decoding=\"async\" src=\"https:\/\/www.yekemuhendislik.com.tr\/wp-content\/uploads\/2026\/03\/image-27-360x180.jpg\" width=\"360\" height=\"180\" srcset=\"https:\/\/www.yekemuhendislik.com.tr\/wp-content\/uploads\/2026\/03\/image-27-360x180.jpg 360w, https:\/\/www.yekemuhendislik.com.tr\/wp-content\/uploads\/2026\/03\/image-27.jpg 1280w\" sizes=\"auto, (min-width: 1200px) 349px, (min-width: 992px) 283px, (min-width: 768px) 690px, calc(100vw - 30px)\" class=\"wp-post-image\" alt=\"BIM (Yap\u0131 Bilgi Modelleme)\">\n\t\t\t\t\t\t\t<\/a>\n\t\t\t\t<div class=\"page-box__content\">\n\t\t\t<h4 class=\"page-box__title\"><a href=\"https:\/\/www.yekemuhendislik.com.tr\/index.php\/services\/electrical-installation\/\">BIM (Yap\u0131 Bilgi Modelleme)<\/a><\/h4>\n\t\t\t<p class=\"page-box__text\">The nation\u2019s first electrical service company<\/p>\n\t\t\t\t\t<\/div>\n\t<\/div>\n\n<\/div><\/div><\/div><div id=\"pg-6-4\"  class=\"panel-grid panel-no-style\" ><div id=\"pgc-6-4-0\"  class=\"panel-grid-cell\" ><div id=\"panel-6-4-0-0\" class=\"so-panel widget widget_pw_featured_page widget-featured-page panel-first-child panel-last-child\" data-index=\"9\" >\n\t<div class=\"page-box  page-box--block\">\n\t\t\t\t\t<a class=\"page-box__picture\" href=\"https:\/\/www.yekemuhendislik.com.tr\/index.php\/services\/design-build\/\">\n\t\t\t\t<img loading=\"lazy\" decoding=\"async\" src=\"https:\/\/www.yekemuhendislik.com.tr\/wp-content\/uploads\/2026\/03\/Gemini_Generated_Image_ki1frpki1frpki1f-360x180.jpg\" width=\"360\" height=\"180\" srcset=\"https:\/\/www.yekemuhendislik.com.tr\/wp-content\/uploads\/2026\/03\/Gemini_Generated_Image_ki1frpki1frpki1f-360x180.jpg 360w, https:\/\/www.yekemuhendislik.com.tr\/wp-content\/uploads\/2026\/03\/Gemini_Generated_Image_ki1frpki1frpki1f-scaled.jpg 2560w\" sizes=\"auto, (min-width: 1200px) 349px, (min-width: 992px) 283px, (min-width: 768px) 690px, calc(100vw - 30px)\" class=\"wp-post-image\" alt=\"Malzeme, Metraj, Ke\u015fif ve Maliyet \u00c7al\u0131\u015fmalar\u0131\">\n\t\t\t\t\t\t\t<\/a>\n\t\t\t\t<div class=\"page-box__content\">\n\t\t\t<h4 class=\"page-box__title\"><a href=\"https:\/\/www.yekemuhendislik.com.tr\/index.php\/services\/design-build\/\">Malzeme, Metraj, Ke\u015fif ve Maliyet \u00c7al\u0131\u015fmalar\u0131<\/a><\/h4>\n\t\t\t<p class=\"page-box__text\">Design that matters and last<\/p>\n\t\t\t\t\t<\/div>\n\t<\/div>\n\n<\/div><\/div><div id=\"pgc-6-4-1\"  class=\"panel-grid-cell\" ><div id=\"panel-6-4-1-0\" class=\"so-panel widget widget_pw_featured_page widget-featured-page panel-first-child panel-last-child\" data-index=\"10\" >\n\t<div class=\"page-box  page-box--block\">\n\t\t\t\t\t<a class=\"page-box__picture\" href=\"https:\/\/www.yekemuhendislik.com.tr\/index.php\/services\/engineering-and-planing\/\">\n\t\t\t\t<img loading=\"lazy\" decoding=\"async\" src=\"https:\/\/www.yekemuhendislik.com.tr\/wp-content\/uploads\/2026\/03\/dfghvjkls-360x180.jpg\" width=\"360\" height=\"180\" srcset=\"https:\/\/www.yekemuhendislik.com.tr\/wp-content\/uploads\/2026\/03\/dfghvjkls-360x180.jpg 360w, https:\/\/www.yekemuhendislik.com.tr\/wp-content\/uploads\/2026\/03\/dfghvjkls-scaled.jpg 2560w\" sizes=\"auto, (min-width: 1200px) 349px, (min-width: 992px) 283px, (min-width: 768px) 690px, calc(100vw - 30px)\" class=\"wp-post-image\" alt=\"S\u00fcrd\u00fcr\u00fclebilirlik ve Ye\u015fil Bina \u00c7\u00f6z\u00fcmleri\">\n\t\t\t\t\t\t\t<\/a>\n\t\t\t\t<div class=\"page-box__content\">\n\t\t\t<h4 class=\"page-box__title\"><a href=\"https:\/\/www.yekemuhendislik.com.tr\/index.php\/services\/engineering-and-planing\/\">S\u00fcrd\u00fcr\u00fclebilirlik ve Ye\u015fil Bina \u00c7\u00f6z\u00fcmleri<\/a><\/h4>\n\t\t\t<p class=\"page-box__text\">Building with best management processes<\/p>\n\t\t\t\t\t<\/div>\n\t<\/div>\n\n<\/div><\/div><div id=\"pgc-6-4-2\"  class=\"panel-grid-cell\" ><div id=\"panel-6-4-2-0\" class=\"so-panel widget widget_pw_featured_page widget-featured-page panel-first-child panel-last-child\" data-index=\"11\" >\n\t<div class=\"page-box  page-box--block\">\n\t\t\t\t\t<a class=\"page-box__picture\" href=\"https:\/\/www.yekemuhendislik.com.tr\/index.php\/services\/exterior-remodeling\/\">\n\t\t\t\t<img loading=\"lazy\" decoding=\"async\" src=\"https:\/\/www.yekemuhendislik.com.tr\/wp-content\/uploads\/2026\/03\/hgfd-360x180.jpg\" width=\"360\" height=\"180\" srcset=\"https:\/\/www.yekemuhendislik.com.tr\/wp-content\/uploads\/2026\/03\/hgfd-360x180.jpg 360w, https:\/\/www.yekemuhendislik.com.tr\/wp-content\/uploads\/2026\/03\/hgfd-scaled.jpg 2560w\" sizes=\"auto, (min-width: 1200px) 349px, (min-width: 992px) 283px, (min-width: 768px) 690px, calc(100vw - 30px)\" class=\"wp-post-image\" alt=\"Genel ve Teknik \u015eartnamelerin Haz\u0131rlanmas\u0131\">\n\t\t\t\t\t\t\t<\/a>\n\t\t\t\t<div class=\"page-box__content\">\n\t\t\t<h4 class=\"page-box__title\"><a href=\"https:\/\/www.yekemuhendislik.com.tr\/index.php\/services\/exterior-remodeling\/\">Genel ve Teknik \u015eartnamelerin Haz\u0131rlanmas\u0131<\/a><\/h4>\n\t\t\t<p class=\"page-box__text\">Flexibility for projects with short lead times<\/p>\n\t\t\t\t\t<\/div>\n\t<\/div>\n\n<\/div><\/div><\/div><div id=\"pg-6-5\"  class=\"panel-grid panel-has-style\" ><div class=\"siteorigin-panels-stretch panel-row-style panel-row-style-for-6-5\" data-stretch-type=\"full\" ><div id=\"pgc-6-5-0\"  class=\"panel-grid-cell\" ><div id=\"panel-6-5-0-0\" class=\"so-panel widget widget_pw_call_to_action widget-call-to-action panel-first-child panel-last-child\" data-index=\"12\" >\t\t\t\t<div class=\"call-to-action\">\n\t\t\t\t\t<div class=\"call-to-action__text\">\n\t\t\t\t\t\t<h4 class=\"call-to-action__title\">\n\t\t\t\t\t\t\tYEKE M\u00dcHEND\u0130SL\u0130K<strong>PROFESYONEL \u00c7\u00d6Z\u00dcMLER<\/strong>\t\t\t\t\t\t<\/h4>\n\t\t\t\t\t\t\t\t\t\t\t\t<p class=\"call-to-action__subtitle\">\n\t\t\t\t\t\t\t\u015eimdi \u0130leti\u015fime Ge\u00e7in.\t\t\t\t\t\t<\/p>\n\t\t\t\t\t\t\t\t\t\t\t<\/div>\n\t\t\t\t\t<div class=\"call-to-action__button\">\n\t\t\t\t\t\t<a class=\"btn  btn-light\" href=\"https:\/\/xml-io.proteusthemes.com\/bolts\/services\/\" target=\"_self\"> Bizi Aray\u0131n<\/a>  <a class=\"btn  btn-primary\" href=\"https:\/\/www.proteusthemes.com\/pricing\/\" target=\"_blank\"> AYRINTILI B\u0130LG\u0130<\/a>\t\t\t\t\t<\/div>\n\t\t\t\t<\/div>\n\t\t\t<\/div><\/div><\/div><\/div><div id=\"pg-6-6\"  class=\"panel-grid panel-no-style\" ><div id=\"pgc-6-6-0\"  class=\"panel-grid-cell\" ><div id=\"panel-6-6-0-0\" class=\"so-panel widget widget_pw_title_with_button widget-title-with-button panel-first-child panel-last-child\" data-index=\"13\" >\t\t\t\t<div class=\"title-with-button\">\n\t\t\t\t\t<h3 class=\"widget-title\"><span class=\"widget-title__inline\">Son Makaleler<\/span><\/h3>\t\t\t\t\t<a href=\"https:\/\/xml-io.proteusthemes.com\/bolts\/news\/\" target=\"_self\" class=\"btn  title-with-button__button\" title=\"Daha Fazla Oku\">Daha Fazla Oku<\/a>\n\t\t\t\t<\/div>\n\t\t\t<\/div><\/div><\/div><div id=\"pg-6-7\"  class=\"panel-grid panel-no-style\" ><div id=\"pgc-6-7-0\"  class=\"panel-grid-cell\" ><div id=\"panel-6-7-0-0\" class=\"so-panel widget widget_pw_latest_news widget-latest-news panel-first-child panel-last-child\" data-index=\"14\" >\n\t\t\t\t\t\t<div class=\"card  latest-news  latest-news--block\">\n\t\t\t\t\n\t\t\t\t<div class=\"card-block  latest-news__content\">\n\t\t\t\t\t\t\t\t\t\t<h4 class=\"card-title  latest-news__title\"><a href=\"https:\/\/www.yekemuhendislik.com.tr\/index.php\/2026\/02\/09\/hello-world\/\">BIM ve Proje S\u00fcre\u00e7lerine Katk\u0131lar\u0131<\/a><\/h4>\n\t\t\t\t\t<div class=\"card-text  latest-news__text\">\n\t\t\t\t\t\t\u00a0 Mekanik Tesisat Tasar\u0131m\u0131nda Dijital D\u00f6n\u00fc\u015f\u00fcm: BIM ve Proje S\u00fcre\u00e7lerine Katk\u0131lar\u0131 \u0130n\u015faat sekt\u00f6r\u00fc, tarihinin en b\u00fcy\u00fck teknolojik d\u00f6n\u00fc\u015f\u00fcmlerinden birini ya\u015f\u0131yor. Geleneksel iki boyutlu (2D) \u00e7izim y\u00f6ntemleri yerini h\u0131zla Yap\u0131 Bilgi Modelleme (BIM - Building Information Modeling) s\u00fcre\u00e7lerine b\u0131rak\u0131yor. \u00d6zellikle hata pay\u0131n\u0131n d\u00fc\u015f\u00fck olmas\u0131 gereken mekanik tesisat disiplininde BIM, sadece bir g\u00f6rselle\u015ftirme arac\u0131 de\u011fil, projenin t\u00fcm &hellip;\t\t\t\t\t<\/div>\n\t\t\t\t<\/div>\n\t\t\t<\/div>\n\t\t\t\t\t\n<\/div><\/div><div id=\"pgc-6-7-1\"  class=\"panel-grid-cell\" ><div id=\"panel-6-7-1-0\" class=\"so-panel widget widget_pw_latest_news widget-latest-news panel-first-child panel-last-child\" data-index=\"15\" >\n\t\t\t\t\t\t<div class=\"card  latest-news  latest-news--block\">\n\t\t\t\t\n\t\t\t\t<div class=\"card-block  latest-news__content\">\n\t\t\t\t\t\t\t\t\t\t<h4 class=\"card-title  latest-news__title\"><a href=\"https:\/\/www.yekemuhendislik.com.tr\/index.php\/2016\/04\/22\/renovation-in-older-homes\/\">S\u00fcrd\u00fcr\u00fclebilir Gelece\u011fin Anahtar\u0131: Ye\u015fil Bina Sertifikasyonlar\u0131 ve Mekanik Tasar\u0131m\u0131n Rol\u00fc<\/a><\/h4>\n\t\t\t\t\t<div class=\"card-text  latest-news__text\">\n\t\t\t\t\t\tS\u00fcrd\u00fcr\u00fclebilir Gelece\u011fin Anahtar\u0131: Ye\u015fil Bina Sertifikasyonlar\u0131 ve Mekanik Tasar\u0131m\u0131n Rol\u00fc G\u00fcn\u00fcm\u00fczde in\u015faat sekt\u00f6r\u00fc, k\u00fcresel enerji t\u00fcketiminin yakla\u015f\u0131k %40'\u0131ndan ve karbon emisyonlar\u0131n\u0131n b\u00fcy\u00fck bir k\u0131sm\u0131ndan sorumludur. Bu durum, \"S\u00fcrd\u00fcr\u00fclebilirlik\" kavram\u0131n\u0131 bir trendden ziyade, m\u00fchendislik d\u00fcnyas\u0131 i\u00e7in bir zorunluluk haline getirmi\u015ftir. Ye\u015fil binalar, sadece \u00e7evre dostu yap\u0131lar de\u011fil; ayn\u0131 zamanda y\u00fcksek i\u015fletme verimlili\u011fi ve kullan\u0131c\u0131 konforu sunan &hellip;\t\t\t\t\t<\/div>\n\t\t\t\t<\/div>\n\t\t\t<\/div>\n\t\t\t\t\t\n<\/div><\/div><div id=\"pgc-6-7-2\"  class=\"panel-grid-cell\" ><div id=\"panel-6-7-2-0\" class=\"so-panel widget widget_pw_latest_news widget-latest-news panel-first-child panel-last-child\" data-index=\"16\" >\n\t\t\t<div class=\"latest-news__container\">\n\t\t\t\t\t\t\t<a href=\"https:\/\/www.yekemuhendislik.com.tr\/index.php\/2016\/04\/22\/finishing-window-threatments-on-skyscrapers\/\" class=\"card  latest-news  latest-news--inline\">\n\t\t\t\t\t<div class=\"card-block  latest-news__content\">\n\t\t\t\t\t\t<h4 class=\"card-title  latest-news__title\">Modern Yap\u0131larda S\u0131f\u0131r Karbon Hedefi: Yenilik\u00e7i Mekanik \u00c7\u00f6z\u00fcmler ve Enerji Modellemesi<\/h4>\n\t\t\t\t\t\t<time class=\"latest-news__date\" datetime=\"2016-04-22T10:08:47+00:00\">\n\t\t\t\t\t\t\tNisan 22, 2016\t\t\t\t\t\t<\/time>\n\t\t\t\t\t<\/div>\n\t\t\t\t<\/a>\n\t\t\t\n\t\t\t\t\t<\/div>\n\t\n<\/div><\/div><\/div><div id=\"pg-6-8\"  class=\"panel-grid panel-has-style\" ><div class=\"siteorigin-panels-stretch panel-row-style panel-row-style-for-6-8\" data-stretch-type=\"full\" ><div id=\"pgc-6-8-0\"  class=\"panel-grid-cell panel-grid-cell-empty\" ><\/div><div id=\"pgc-6-8-1\"  class=\"panel-grid-cell panel-grid-cell-mobile-last\" ><div id=\"panel-6-8-1-0\" class=\"so-panel widget widget_sow-editor panel-first-child panel-last-child\" data-index=\"17\" ><div\n\t\t\t\n\t\t\tclass=\"so-widget-sow-editor so-widget-sow-editor-base\"\n\t\t\t\n\t\t>\n<div class=\"siteorigin-widget-tinymce textwidget\">\n\t<h2 style=\"text-align: center;\" data-path-to-node=\"0\"><b data-path-to-node=\"0\" data-index-in-node=\"0\">Yeke M\u00fchendislik<\/b><\/h2>\n<h2 style=\"text-align: center;\" data-path-to-node=\"0\"><b data-path-to-node=\"0\" data-index-in-node=\"0\"> Gelece\u011fin Sistemlerini Tasarlar.<\/b><\/h2>\n<p>&nbsp;<\/p>\n<p data-path-to-node=\"1\">\u00a0BIM tabanl\u0131 tasar\u0131m anlay\u0131\u015f\u0131m\u0131z ve y\u00fcksek teknik uzmanl\u0131\u011f\u0131m\u0131zla, mekanik tesisat s\u00fcre\u00e7lerinizi dijital hassasiyetle y\u00f6netiyoruz. S\u00fcrd\u00fcr\u00fclebilir ve verimli m\u00fchendislik \u00e7\u00f6z\u00fcmlerimizle, projelerinizi bug\u00fcnden yar\u0131n\u0131n standartlar\u0131na ta\u015f\u0131yoruz.<\/p>\n<p style=\"text-align: center; margin-bottom: 0;\">\n<\/div>\n<\/div><\/div><\/div><div id=\"pgc-6-8-2\"  class=\"panel-grid-cell panel-grid-cell-empty\" ><\/div><\/div><\/div><\/div>","protected":false},"excerpt":{"rendered":"<p>Yeke M\u00fchendislik, mekanik tesisat tasar\u0131m\u0131 ve proje y\u00f6netimi alan\u0131nda BIM teknolojilerini ve s\u00fcrd\u00fcr\u00fclebilirlik ilkelerini merkeze alan, yenilik\u00e7i bir teknik \u00e7\u00f6z\u00fcm orta\u011f\u0131d\u0131r. Karma\u015f\u0131k m\u00fchendislik problemlerine uluslararas\u0131 standartlarda, verimli ve maliyet odakl\u0131 yakla\u015f\u0131mlar sunarak yap\u0131lar\u0131n gelece\u011fini dijital hassasiyetle in\u015fa ediyoruz. Mekanik Tesisat S\u00fcrd\u00fcr\u00fclebilirlik Ye\u015fil \u00c7\u00f6z\u00fcmler<\/p>\n","protected":false},"author":1,"featured_media":0,"parent":0,"menu_order":0,"comment_status":"closed","ping_status":"closed","template":"","meta":{"_acf_changed":false,"footnotes":""},"class_list":["post-6","page","type-page","status-publish","hentry"],"acf":[],"_links":{"self":[{"href":"https:\/\/www.yekemuhendislik.com.tr\/index.php\/wp-json\/wp\/v2\/pages\/6","targetHints":{"allow":["GET"]}}],"collection":[{"href":"https:\/\/www.yekemuhendislik.com.tr\/index.php\/wp-json\/wp\/v2\/pages"}],"about":[{"href":"https:\/\/www.yekemuhendislik.com.tr\/index.php\/wp-json\/wp\/v2\/types\/page"}],"author":[{"embeddable":true,"href":"https:\/\/www.yekemuhendislik.com.tr\/index.php\/wp-json\/wp\/v2\/users\/1"}],"replies":[{"embeddable":true,"href":"https:\/\/www.yekemuhendislik.com.tr\/index.php\/wp-json\/wp\/v2\/comments?post=6"}],"version-history":[{"count":12,"href":"https:\/\/www.yekemuhendislik.com.tr\/index.php\/wp-json\/wp\/v2\/pages\/6\/revisions"}],"predecessor-version":[{"id":1091,"href":"https:\/\/www.yekemuhendislik.com.tr\/index.php\/wp-json\/wp\/v2\/pages\/6\/revisions\/1091"}],"wp:attachment":[{"href":"https:\/\/www.yekemuhendislik.com.tr\/index.php\/wp-json\/wp\/v2\/media?parent=6"}],"curies":[{"name":"wp","href":"https:\/\/api.w.org\/{rel}","templated":true}]}}