{"id":49,"date":"2016-04-20T06:45:41","date_gmt":"2016-04-20T06:45:41","guid":{"rendered":"https:\/\/xml-io.proteusthemes.com\/bolts\/?page_id=49"},"modified":"2026-03-05T22:21:56","modified_gmt":"2026-03-05T22:21:56","slug":"general-construction","status":"publish","type":"page","link":"https:\/\/www.yekemuhendislik.com.tr\/index.php\/services\/general-construction\/","title":{"rendered":"Mekanik Tesisat Proje Y\u00f6netimi"},"content":{"rendered":"<div id=\"pl-49\"  class=\"panel-layout\" ><div id=\"pg-49-0\"  class=\"panel-grid panel-no-style\" ><div id=\"pgc-49-0-0\"  class=\"panel-grid-cell\" ><div id=\"panel-49-0-0-0\" class=\"so-panel widget widget_sow-editor panel-first-child panel-last-child\" data-index=\"0\" ><div\n\t\t\t\n\t\t\tclass=\"so-widget-sow-editor so-widget-sow-editor-base\"\n\t\t\t\n\t\t><h3 class=\"widget-title\"><span class=\"widget-title__inline\">Mekanik Tesisat Proje Y\u00f6netimi<\/span><\/h3>\n<div class=\"siteorigin-widget-tinymce textwidget\">\n\t<p data-path-to-node=\"4\">Mekanik tesisat sistemleri, modern yap\u0131lar\u0131n ya\u015fayan organizmalar\u0131d\u0131r. <b data-path-to-node=\"4\" data-index-in-node=\"103\">Yeke M\u00fchendislik<\/b> olarak, bu karma\u015f\u0131k sistemlerin sadece birer \u00e7izimden ibaret kalmamas\u0131, sahada m\u00fckemmel bir verimlilikle \u00e7al\u0131\u015fmas\u0131 i\u00e7in u\u00e7tan uca <b data-path-to-node=\"4\" data-index-in-node=\"250\">Mekanik Tesisat Proje Y\u00f6netimi<\/b> hizmeti sunuyoruz. Y\u00f6netim s\u00fcrecimiz, projenin konsept a\u015famas\u0131ndan ba\u015flar ve son testlerin yap\u0131l\u0131p teslim edilmesine kadar devam eder.<\/p>\n<p data-path-to-node=\"5\">S\u00fcre\u00e7 y\u00f6netimimizde; \u0131s\u0131tma, so\u011futma, havaland\u0131rma (HVAC), yang\u0131n s\u00f6nd\u00fcrme ve s\u0131hhi tesisat gibi farkl\u0131 disiplinlerin birbiriyle tam uyumlu \u00e7al\u0131\u015fmas\u0131n\u0131 sa\u011fl\u0131yoruz. Proje takvimine sad\u0131k kalarak kritik yol analizleri yap\u0131yor, olas\u0131 darbo\u011fazlar\u0131 hen\u00fcz olu\u015fmadan \u00f6ng\u00f6r\u00fcyoruz. Yat\u0131r\u0131mc\u0131lar\u0131m\u0131za sundu\u011fumuz periyodik raporlamalar ile b\u00fct\u00e7e disiplinini koruyor, malzeme tedarik s\u00fcre\u00e7lerinden uygulama kalitesine kadar her a\u015famada \"s\u0131f\u0131r hata\" vizyonuyla hareket ediyoruz. M\u00fchendislikte y\u00f6netim, sadece teknik bilgi de\u011fil, ayn\u0131 zamanda koordinasyon sanat\u0131d\u0131r; biz bu sanat\u0131 projenizin ba\u015far\u0131s\u0131 i\u00e7in icra ediyoruz.<\/p>\n<\/div>\n<\/div><\/div><\/div><\/div><\/div>","protected":false},"excerpt":{"rendered":"<p>Structures that last are built with Bolts<\/p>\n","protected":false},"author":1,"featured_media":990,"parent":25,"menu_order":0,"comment_status":"closed","ping_status":"closed","template":"","meta":{"_acf_changed":false,"footnotes":""},"class_list":["post-49","page","type-page","status-publish","has-post-thumbnail","hentry"],"acf":[],"_links":{"self":[{"href":"https:\/\/www.yekemuhendislik.com.tr\/index.php\/wp-json\/wp\/v2\/pages\/49","targetHints":{"allow":["GET"]}}],"collection":[{"href":"https:\/\/www.yekemuhendislik.com.tr\/index.php\/wp-json\/wp\/v2\/pages"}],"about":[{"href":"https:\/\/www.yekemuhendislik.com.tr\/index.php\/wp-json\/wp\/v2\/types\/page"}],"author":[{"embeddable":true,"href":"https:\/\/www.yekemuhendislik.com.tr\/index.php\/wp-json\/wp\/v2\/users\/1"}],"replies":[{"embeddable":true,"href":"https:\/\/www.yekemuhendislik.com.tr\/index.php\/wp-json\/wp\/v2\/comments?post=49"}],"version-history":[{"count":4,"href":"https:\/\/www.yekemuhendislik.com.tr\/index.php\/wp-json\/wp\/v2\/pages\/49\/revisions"}],"predecessor-version":[{"id":994,"href":"https:\/\/www.yekemuhendislik.com.tr\/index.php\/wp-json\/wp\/v2\/pages\/49\/revisions\/994"}],"up":[{"embeddable":true,"href":"https:\/\/www.yekemuhendislik.com.tr\/index.php\/wp-json\/wp\/v2\/pages\/25"}],"wp:featuredmedia":[{"embeddable":true,"href":"https:\/\/www.yekemuhendislik.com.tr\/index.php\/wp-json\/wp\/v2\/media\/990"}],"wp:attachment":[{"href":"https:\/\/www.yekemuhendislik.com.tr\/index.php\/wp-json\/wp\/v2\/media?parent=49"}],"curies":[{"name":"wp","href":"https:\/\/api.w.org\/{rel}","templated":true}]}}