{"id":27,"date":"2016-04-18T11:20:54","date_gmt":"2016-04-18T11:20:54","guid":{"rendered":"https:\/\/xml-io.proteusthemes.com\/bolts\/?page_id=27"},"modified":"2026-03-06T09:33:34","modified_gmt":"2026-03-06T09:33:34","slug":"our-projects","status":"publish","type":"page","link":"https:\/\/www.yekemuhendislik.com.tr\/index.php\/our-projects\/","title":{"rendered":"Projeler"},"content":{"rendered":"<div id=\"pl-27\"  class=\"panel-layout\" ><div id=\"pg-27-0\"  class=\"panel-grid panel-no-style\" ><div id=\"pgc-27-0-0\"  class=\"panel-grid-cell\" ><div id=\"panel-27-0-0-0\" class=\"so-panel widget widget_text panel-first-child panel-last-child\" data-index=\"0\" ><h3 class=\"widget-title\"><span class=\"widget-title__inline\">KATALOG<\/span><\/h3>\t\t\t<div class=\"textwidget\"><p><a href=\"http:\/\/www.yekemuhendislik.com.tr\/wp-content\/uploads\/2026\/03\/YEKE-MUHENDISLIK-VE-DANISMANLIK-HIZMETLERI-TICARET-LIMITED-2.pdf\">YEKE M\u00dcHEND\u0130SL\u0130K VE DANI\u015eMANLIK H\u0130ZMETLER\u0130 T\u0130CARET L\u0130M\u0130TED (2)<\/a><\/p>\n<\/div>\n\t\t<\/div><\/div><\/div><\/div>","protected":false},"excerpt":{"rendered":"<p>YEKE M\u00dcHEND\u0130SL\u0130K VE DANI\u015eMANLIK H\u0130ZMETLER\u0130 T\u0130CARET L\u0130M\u0130TED (2)<\/p>\n","protected":false},"author":1,"featured_media":0,"parent":0,"menu_order":0,"comment_status":"closed","ping_status":"closed","template":"","meta":{"_acf_changed":false,"footnotes":""},"class_list":["post-27","page","type-page","status-publish","hentry"],"acf":[],"_links":{"self":[{"href":"https:\/\/www.yekemuhendislik.com.tr\/index.php\/wp-json\/wp\/v2\/pages\/27","targetHints":{"allow":["GET"]}}],"collection":[{"href":"https:\/\/www.yekemuhendislik.com.tr\/index.php\/wp-json\/wp\/v2\/pages"}],"about":[{"href":"https:\/\/www.yekemuhendislik.com.tr\/index.php\/wp-json\/wp\/v2\/types\/page"}],"author":[{"embeddable":true,"href":"https:\/\/www.yekemuhendislik.com.tr\/index.php\/wp-json\/wp\/v2\/users\/1"}],"replies":[{"embeddable":true,"href":"https:\/\/www.yekemuhendislik.com.tr\/index.php\/wp-json\/wp\/v2\/comments?post=27"}],"version-history":[{"count":4,"href":"https:\/\/www.yekemuhendislik.com.tr\/index.php\/wp-json\/wp\/v2\/pages\/27\/revisions"}],"predecessor-version":[{"id":1086,"href":"https:\/\/www.yekemuhendislik.com.tr\/index.php\/wp-json\/wp\/v2\/pages\/27\/revisions\/1086"}],"wp:attachment":[{"href":"https:\/\/www.yekemuhendislik.com.tr\/index.php\/wp-json\/wp\/v2\/media?parent=27"}],"curies":[{"name":"wp","href":"https:\/\/api.w.org\/{rel}","templated":true}]}}