{"id":25,"date":"2016-04-18T11:20:40","date_gmt":"2016-04-18T11:20:40","guid":{"rendered":"https:\/\/xml-io.proteusthemes.com\/bolts\/?page_id=25"},"modified":"2026-03-06T09:34:05","modified_gmt":"2026-03-06T09:34:05","slug":"services","status":"publish","type":"page","link":"https:\/\/www.yekemuhendislik.com.tr\/index.php\/services\/","title":{"rendered":"Hizmetler"},"content":{"rendered":"<div id=\"pl-25\"  class=\"panel-layout\" ><div id=\"pg-25-0\"  class=\"panel-grid panel-no-style\" ><div id=\"pgc-25-0-0\"  class=\"panel-grid-cell\" ><div id=\"panel-25-0-0-0\" class=\"so-panel widget widget_pw_featured_page widget-featured-page panel-first-child panel-last-child\" data-index=\"0\" >\n\t<div class=\"page-box  page-box--block\">\n\t\t\t\t\t<a class=\"page-box__picture\" href=\"https:\/\/www.yekemuhendislik.com.tr\/index.php\/services\/general-construction\/\">\n\t\t\t\t<img loading=\"lazy\" decoding=\"async\" src=\"https:\/\/www.yekemuhendislik.com.tr\/wp-content\/uploads\/2026\/03\/image-24-360x180.jpg\" width=\"360\" height=\"180\" srcset=\"https:\/\/www.yekemuhendislik.com.tr\/wp-content\/uploads\/2026\/03\/image-24-360x180.jpg 360w, https:\/\/www.yekemuhendislik.com.tr\/wp-content\/uploads\/2026\/03\/image-24.jpg 784w\" sizes=\"auto, (min-width: 1200px) 349px, (min-width: 992px) 283px, (min-width: 768px) 690px, calc(100vw - 30px)\" class=\"wp-post-image\" alt=\"Mekanik Tesisat Proje Y\u00f6netimi\">\n\t\t\t\t\t\t\t<\/a>\n\t\t\t\t<div class=\"page-box__content\">\n\t\t\t<h4 class=\"page-box__title\"><a href=\"https:\/\/www.yekemuhendislik.com.tr\/index.php\/services\/general-construction\/\">Mekanik Tesisat Proje Y\u00f6netimi<\/a><\/h4>\n\t\t\t<p class=\"page-box__text\">Structures that last are built with Bolts<\/p>\n\t\t\t\t\t<\/div>\n\t<\/div>\n\n<\/div><\/div><div id=\"pgc-25-0-1\"  class=\"panel-grid-cell\" ><div id=\"panel-25-0-1-0\" class=\"so-panel widget widget_pw_featured_page widget-featured-page panel-first-child panel-last-child\" data-index=\"1\" >\n\t<div class=\"page-box  page-box--block\">\n\t\t\t\t\t<a class=\"page-box__picture\" href=\"https:\/\/www.yekemuhendislik.com.tr\/index.php\/services\/metal-buildings\/\">\n\t\t\t\t<img loading=\"lazy\" decoding=\"async\" src=\"https:\/\/www.yekemuhendislik.com.tr\/wp-content\/uploads\/2026\/03\/image-26-360x180.jpg\" width=\"360\" height=\"180\" srcset=\"https:\/\/www.yekemuhendislik.com.tr\/wp-content\/uploads\/2026\/03\/image-26-360x180.jpg 360w, https:\/\/www.yekemuhendislik.com.tr\/wp-content\/uploads\/2026\/03\/image-26.jpg 784w\" sizes=\"auto, (min-width: 1200px) 349px, (min-width: 992px) 283px, (min-width: 768px) 690px, calc(100vw - 30px)\" class=\"wp-post-image\" alt=\"Mekanik Tesisat Proje Dan\u0131\u015fmanl\u0131k\">\n\t\t\t\t\t\t\t<\/a>\n\t\t\t\t<div class=\"page-box__content\">\n\t\t\t<h4 class=\"page-box__title\"><a href=\"https:\/\/www.yekemuhendislik.com.tr\/index.php\/services\/metal-buildings\/\">Mekanik Tesisat Proje Dan\u0131\u015fmanl\u0131k<\/a><\/h4>\n\t\t\t<p class=\"page-box__text\">Adding permanant or temporary comfort<\/p>\n\t\t\t\t\t<\/div>\n\t<\/div>\n\n<\/div><\/div><div id=\"pgc-25-0-2\"  class=\"panel-grid-cell\" ><div id=\"panel-25-0-2-0\" class=\"so-panel widget widget_pw_featured_page widget-featured-page panel-first-child panel-last-child\" data-index=\"2\" >\n\t<div class=\"page-box  page-box--block\">\n\t\t\t\t\t<a class=\"page-box__picture\" href=\"https:\/\/www.yekemuhendislik.com.tr\/index.php\/services\/electrical-installation\/\">\n\t\t\t\t<img loading=\"lazy\" decoding=\"async\" src=\"https:\/\/www.yekemuhendislik.com.tr\/wp-content\/uploads\/2026\/03\/image-27-360x180.jpg\" width=\"360\" height=\"180\" srcset=\"https:\/\/www.yekemuhendislik.com.tr\/wp-content\/uploads\/2026\/03\/image-27-360x180.jpg 360w, https:\/\/www.yekemuhendislik.com.tr\/wp-content\/uploads\/2026\/03\/image-27.jpg 1280w\" sizes=\"auto, (min-width: 1200px) 349px, (min-width: 992px) 283px, (min-width: 768px) 690px, calc(100vw - 30px)\" class=\"wp-post-image\" alt=\"BIM (Yap\u0131 Bilgi Modelleme)\">\n\t\t\t\t\t\t\t<\/a>\n\t\t\t\t<div class=\"page-box__content\">\n\t\t\t<h4 class=\"page-box__title\"><a href=\"https:\/\/www.yekemuhendislik.com.tr\/index.php\/services\/electrical-installation\/\">BIM (Yap\u0131 Bilgi Modelleme)<\/a><\/h4>\n\t\t\t<p class=\"page-box__text\">The nation\u2019s first electrical service company<\/p>\n\t\t\t\t\t<\/div>\n\t<\/div>\n\n<\/div><\/div><\/div><div id=\"pg-25-1\"  class=\"panel-grid panel-no-style\" ><div id=\"pgc-25-1-0\"  class=\"panel-grid-cell\" ><div id=\"panel-25-1-0-0\" class=\"so-panel widget widget_pw_featured_page widget-featured-page panel-first-child panel-last-child\" data-index=\"3\" >\n\t<div class=\"page-box  page-box--block\">\n\t\t\t\t\t<a class=\"page-box__picture\" href=\"https:\/\/www.yekemuhendislik.com.tr\/index.php\/services\/design-build\/\">\n\t\t\t\t<img loading=\"lazy\" decoding=\"async\" src=\"https:\/\/www.yekemuhendislik.com.tr\/wp-content\/uploads\/2026\/03\/Gemini_Generated_Image_ki1frpki1frpki1f-360x180.jpg\" width=\"360\" height=\"180\" srcset=\"https:\/\/www.yekemuhendislik.com.tr\/wp-content\/uploads\/2026\/03\/Gemini_Generated_Image_ki1frpki1frpki1f-360x180.jpg 360w, https:\/\/www.yekemuhendislik.com.tr\/wp-content\/uploads\/2026\/03\/Gemini_Generated_Image_ki1frpki1frpki1f-scaled.jpg 2560w\" sizes=\"auto, (min-width: 1200px) 349px, (min-width: 992px) 283px, (min-width: 768px) 690px, calc(100vw - 30px)\" class=\"wp-post-image\" alt=\"Malzeme, Metraj, Ke\u015fif ve Maliyet \u00c7al\u0131\u015fmalar\u0131\">\n\t\t\t\t\t\t\t<\/a>\n\t\t\t\t<div class=\"page-box__content\">\n\t\t\t<h4 class=\"page-box__title\"><a href=\"https:\/\/www.yekemuhendislik.com.tr\/index.php\/services\/design-build\/\">Malzeme, Metraj, Ke\u015fif ve Maliyet \u00c7al\u0131\u015fmalar\u0131<\/a><\/h4>\n\t\t\t<p class=\"page-box__text\">Design that matters and last<\/p>\n\t\t\t\t\t<\/div>\n\t<\/div>\n\n<\/div><\/div><div id=\"pgc-25-1-1\"  class=\"panel-grid-cell\" ><div id=\"panel-25-1-1-0\" class=\"so-panel widget widget_pw_featured_page widget-featured-page panel-first-child panel-last-child\" data-index=\"4\" >\n\t<div class=\"page-box  page-box--block\">\n\t\t\t\t\t<a class=\"page-box__picture\" href=\"https:\/\/www.yekemuhendislik.com.tr\/index.php\/services\/engineering-and-planing\/\">\n\t\t\t\t<img loading=\"lazy\" decoding=\"async\" src=\"https:\/\/www.yekemuhendislik.com.tr\/wp-content\/uploads\/2026\/03\/dfghvjkls-360x180.jpg\" width=\"360\" height=\"180\" srcset=\"https:\/\/www.yekemuhendislik.com.tr\/wp-content\/uploads\/2026\/03\/dfghvjkls-360x180.jpg 360w, https:\/\/www.yekemuhendislik.com.tr\/wp-content\/uploads\/2026\/03\/dfghvjkls-scaled.jpg 2560w\" sizes=\"auto, (min-width: 1200px) 349px, (min-width: 992px) 283px, (min-width: 768px) 690px, calc(100vw - 30px)\" class=\"wp-post-image\" alt=\"S\u00fcrd\u00fcr\u00fclebilirlik ve Ye\u015fil Bina \u00c7\u00f6z\u00fcmleri\">\n\t\t\t\t\t\t\t<\/a>\n\t\t\t\t<div class=\"page-box__content\">\n\t\t\t<h4 class=\"page-box__title\"><a href=\"https:\/\/www.yekemuhendislik.com.tr\/index.php\/services\/engineering-and-planing\/\">S\u00fcrd\u00fcr\u00fclebilirlik ve Ye\u015fil Bina \u00c7\u00f6z\u00fcmleri<\/a><\/h4>\n\t\t\t<p class=\"page-box__text\">Building with best management processes<\/p>\n\t\t\t\t\t<\/div>\n\t<\/div>\n\n<\/div><\/div><div id=\"pgc-25-1-2\"  class=\"panel-grid-cell\" ><div id=\"panel-25-1-2-0\" class=\"so-panel widget widget_pw_featured_page widget-featured-page panel-first-child panel-last-child\" data-index=\"5\" >\n\t<div class=\"page-box  page-box--block\">\n\t\t\t\t\t<a class=\"page-box__picture\" href=\"https:\/\/www.yekemuhendislik.com.tr\/index.php\/services\/exterior-remodeling\/\">\n\t\t\t\t<img loading=\"lazy\" decoding=\"async\" src=\"https:\/\/www.yekemuhendislik.com.tr\/wp-content\/uploads\/2026\/03\/hgfd-360x180.jpg\" width=\"360\" height=\"180\" srcset=\"https:\/\/www.yekemuhendislik.com.tr\/wp-content\/uploads\/2026\/03\/hgfd-360x180.jpg 360w, https:\/\/www.yekemuhendislik.com.tr\/wp-content\/uploads\/2026\/03\/hgfd-scaled.jpg 2560w\" sizes=\"auto, (min-width: 1200px) 349px, (min-width: 992px) 283px, (min-width: 768px) 690px, calc(100vw - 30px)\" class=\"wp-post-image\" alt=\"Genel ve Teknik \u015eartnamelerin Haz\u0131rlanmas\u0131\">\n\t\t\t\t\t\t\t<\/a>\n\t\t\t\t<div class=\"page-box__content\">\n\t\t\t<h4 class=\"page-box__title\"><a href=\"https:\/\/www.yekemuhendislik.com.tr\/index.php\/services\/exterior-remodeling\/\">Genel ve Teknik \u015eartnamelerin Haz\u0131rlanmas\u0131<\/a><\/h4>\n\t\t\t<p class=\"page-box__text\">Flexibility for projects with short lead times<\/p>\n\t\t\t\t\t<\/div>\n\t<\/div>\n\n<\/div><\/div><\/div><\/div>","protected":false},"excerpt":{"rendered":"<p>Mekanik Tesisat Proje Y\u00f6netimi Structures that last are built with Bolts Mekanik Tesisat Proje Dan\u0131\u015fmanl\u0131k Adding permanant or temporary comfort BIM (Yap\u0131 Bilgi Modelleme) The nation\u2019s first electrical service company Malzeme, Metraj, Ke\u015fif ve Maliyet \u00c7al\u0131\u015fmalar\u0131 Design that matters and last S\u00fcrd\u00fcr\u00fclebilirlik ve Ye\u015fil Bina \u00c7\u00f6z\u00fcmleri Building with best management processes Genel ve Teknik \u015eartnamelerin &hellip;<\/p>\n","protected":false},"author":1,"featured_media":0,"parent":0,"menu_order":0,"comment_status":"closed","ping_status":"closed","template":"","meta":{"_acf_changed":false,"footnotes":""},"class_list":["post-25","page","type-page","status-publish","hentry"],"acf":[],"_links":{"self":[{"href":"https:\/\/www.yekemuhendislik.com.tr\/index.php\/wp-json\/wp\/v2\/pages\/25","targetHints":{"allow":["GET"]}}],"collection":[{"href":"https:\/\/www.yekemuhendislik.com.tr\/index.php\/wp-json\/wp\/v2\/pages"}],"about":[{"href":"https:\/\/www.yekemuhendislik.com.tr\/index.php\/wp-json\/wp\/v2\/types\/page"}],"author":[{"embeddable":true,"href":"https:\/\/www.yekemuhendislik.com.tr\/index.php\/wp-json\/wp\/v2\/users\/1"}],"replies":[{"embeddable":true,"href":"https:\/\/www.yekemuhendislik.com.tr\/index.php\/wp-json\/wp\/v2\/comments?post=25"}],"version-history":[{"count":4,"href":"https:\/\/www.yekemuhendislik.com.tr\/index.php\/wp-json\/wp\/v2\/pages\/25\/revisions"}],"predecessor-version":[{"id":1088,"href":"https:\/\/www.yekemuhendislik.com.tr\/index.php\/wp-json\/wp\/v2\/pages\/25\/revisions\/1088"}],"wp:attachment":[{"href":"https:\/\/www.yekemuhendislik.com.tr\/index.php\/wp-json\/wp\/v2\/media?parent=25"}],"curies":[{"name":"wp","href":"https:\/\/api.w.org\/{rel}","templated":true}]}}